{"id":305,"date":"2011-10-10T16:01:11","date_gmt":"2011-10-10T16:01:11","guid":{"rendered":"http:\/\/www.templiers-prod.com\/templiers-prod-wp\/?page_id=305"},"modified":"2011-11-16T14:59:11","modified_gmt":"2011-11-16T14:59:11","slug":"soirees-templiers","status":"publish","type":"page","link":"http:\/\/www.templiers-prod.com\/?page_id=305","title":{"rendered":"Soir\u00e9es Templiers"},"content":{"rendered":"<p>Fort de son savoir-faire dans le domaine de l&rsquo;\u00e9v\u00e9nementiel, Templiers Production a fait na\u00eetre depuis 1999<br \/>\nla bagatelle de 22 enfants l\u00e9gitimes et reconnus : les Soir\u00e9es Templiers.<br \/>\nGrandioses, magiques, underground et furieusement d\u00e9cal\u00e9es, elles ont plut\u00f4t bien agit\u00e9 les nuits parisiennes pendant une d\u00e9cennie d\u00e9lirante&#8230;<br \/>\n2012 verra leur grand retour en fanfare. Mais serez-vous pr\u00eat \u00e0 vous laissez emporter ?<\/p>\n<p><a href=\"http:\/\/www.soireestempliers.com\/\" target=\"_blank\">Cliquez ici pour visiter le site officiel des Soir\u00e9es Templiers<\/a><\/p>\n<p><a href=\"https:\/\/www.facebook.com\/soireestempliers\" target=\"_blank\">Devenez fan des Soir\u00e9es Templiers sur Facebook !<\/a><\/p>\n<p><a href=\"http:\/\/www.soireestempliers.com\" target=\"_blank\"><img loading=\"lazy\" decoding=\"async\" src=\"http:\/\/www.templiers-prod.com\/wp-content\/uploads\/2011\/10\/banner_soirees_templiers.png\" alt=\"\" title=\"banner_soirees_templiers\" width=\"670\" height=\"340\" class=\"aligncenter size-full wp-image-630\" srcset=\"https:\/\/www.templiers-prod.com\/wp-content\/uploads\/2011\/10\/banner_soirees_templiers.png 670w, https:\/\/www.templiers-prod.com\/wp-content\/uploads\/2011\/10\/banner_soirees_templiers-300x152.png 300w\" sizes=\"(max-width: 670px) 100vw, 670px\" \/><\/a><\/p>\n","protected":false},"excerpt":{"rendered":"<p>Fort de son savoir-faire dans le domaine de l&rsquo;\u00e9v\u00e9nementiel, Templiers Production a fait na\u00eetre depuis 1999 la bagatelle de 22 enfants l\u00e9gitimes et reconnus : les Soir\u00e9es Templiers. Grandioses, magiques, underground et furieusement d\u00e9cal\u00e9es, elles ont plut\u00f4t bien agit\u00e9 les nuits parisiennes pendant une d\u00e9cennie d\u00e9lirante&#8230; 2012 verra leur grand retour en fanfare. Mais serez-vous &hellip; <a href=\"http:\/\/www.templiers-prod.com\/?page_id=305\" class=\"more-link\">Continuer la lecture de <span class=\"screen-reader-text\">Soir\u00e9es Templiers<\/span>  <span class=\"meta-nav\">&rarr;<\/span><\/a><\/p>\n","protected":false},"author":1,"featured_media":0,"parent":0,"menu_order":0,"comment_status":"closed","ping_status":"closed","template":"","meta":{"ngg_post_thumbnail":0,"footnotes":""},"class_list":["post-305","page","type-page","status-publish","hentry"],"_links":{"self":[{"href":"http:\/\/www.templiers-prod.com\/index.php?rest_route=\/wp\/v2\/pages\/305"}],"collection":[{"href":"http:\/\/www.templiers-prod.com\/index.php?rest_route=\/wp\/v2\/pages"}],"about":[{"href":"http:\/\/www.templiers-prod.com\/index.php?rest_route=\/wp\/v2\/types\/page"}],"author":[{"embeddable":true,"href":"http:\/\/www.templiers-prod.com\/index.php?rest_route=\/wp\/v2\/users\/1"}],"replies":[{"embeddable":true,"href":"http:\/\/www.templiers-prod.com\/index.php?rest_route=%2Fwp%2Fv2%2Fcomments&post=305"}],"version-history":[{"count":34,"href":"http:\/\/www.templiers-prod.com\/index.php?rest_route=\/wp\/v2\/pages\/305\/revisions"}],"predecessor-version":[{"id":689,"href":"http:\/\/www.templiers-prod.com\/index.php?rest_route=\/wp\/v2\/pages\/305\/revisions\/689"}],"wp:attachment":[{"href":"http:\/\/www.templiers-prod.com\/index.php?rest_route=%2Fwp%2Fv2%2Fmedia&parent=305"}],"curies":[{"name":"wp","href":"https:\/\/api.w.org\/{rel}","templated":true}]}}